{"id":442,"date":"2024-06-24T19:41:59","date_gmt":"2024-06-24T19:41:59","guid":{"rendered":"https:\/\/jatoba.ind.br\/?post_type=product&#038;p=442"},"modified":"2025-09-26T01:31:08","modified_gmt":"2025-09-26T01:31:08","slug":"picolinato-de-cromo-60-capsulas","status":"publish","type":"product","link":"https:\/\/jatoba.ind.br\/?product=picolinato-de-cromo-60-capsulas","title":{"rendered":"Picolinato de Cromo 60 C\u00e1psulas"},"content":{"rendered":"<p>Recomenda\u00e7\u00f5es:<\/p>\n<p>Este produto n\u00e3o \u00e9 um medicamento.<br \/>\nEste produto \u00e9 um suplemento alimentar.<br \/>\nRecomenda\u00e7\u00e3o acima de 18 anos ou por recomenda\u00e7\u00e3o m\u00e9dica.<br \/>\nDeve ser mantido fora do alcance de crian\u00e7as e animais.<\/p>\n","protected":false},"excerpt":{"rendered":"<p>Recomenda\u00e7\u00f5es: Este produto n\u00e3o \u00e9 um medicamento. Este produto \u00e9 um suplemento alimentar. Recomenda\u00e7\u00e3o acima de 18 anos ou por recomenda\u00e7\u00e3o m\u00e9dica. Deve ser mantido fora<span class=\"excerpt-hellip\"> [\u2026]<\/span><\/p>\n","protected":false},"featured_media":443,"comment_status":"open","ping_status":"closed","template":"","meta":[],"product_brand":[],"product_cat":[15],"product_tag":[],"class_list":{"0":"post-442","1":"product","2":"type-product","3":"status-publish","4":"has-post-thumbnail","6":"product_cat-sem-categoria","8":"first","9":"instock","10":"shipping-taxable","11":"product-type-simple"},"_links":{"self":[{"href":"https:\/\/jatoba.ind.br\/index.php?rest_route=\/wp\/v2\/product\/442","targetHints":{"allow":["GET"]}}],"collection":[{"href":"https:\/\/jatoba.ind.br\/index.php?rest_route=\/wp\/v2\/product"}],"about":[{"href":"https:\/\/jatoba.ind.br\/index.php?rest_route=\/wp\/v2\/types\/product"}],"replies":[{"embeddable":true,"href":"https:\/\/jatoba.ind.br\/index.php?rest_route=%2Fwp%2Fv2%2Fcomments&post=442"}],"version-history":[{"count":3,"href":"https:\/\/jatoba.ind.br\/index.php?rest_route=\/wp\/v2\/product\/442\/revisions"}],"predecessor-version":[{"id":457,"href":"https:\/\/jatoba.ind.br\/index.php?rest_route=\/wp\/v2\/product\/442\/revisions\/457"}],"wp:featuredmedia":[{"embeddable":true,"href":"https:\/\/jatoba.ind.br\/index.php?rest_route=\/wp\/v2\/media\/443"}],"wp:attachment":[{"href":"https:\/\/jatoba.ind.br\/index.php?rest_route=%2Fwp%2Fv2%2Fmedia&parent=442"}],"wp:term":[{"taxonomy":"product_brand","embeddable":true,"href":"https:\/\/jatoba.ind.br\/index.php?rest_route=%2Fwp%2Fv2%2Fproduct_brand&post=442"},{"taxonomy":"product_cat","embeddable":true,"href":"https:\/\/jatoba.ind.br\/index.php?rest_route=%2Fwp%2Fv2%2Fproduct_cat&post=442"},{"taxonomy":"product_tag","embeddable":true,"href":"https:\/\/jatoba.ind.br\/index.php?rest_route=%2Fwp%2Fv2%2Fproduct_tag&post=442"}],"curies":[{"name":"wp","href":"https:\/\/api.w.org\/{rel}","templated":true}]}}