{"id":431,"date":"2024-06-24T19:28:46","date_gmt":"2024-06-24T19:28:46","guid":{"rendered":"https:\/\/jatoba.ind.br\/?post_type=product&#038;p=431"},"modified":"2025-09-26T01:30:11","modified_gmt":"2025-09-26T01:30:11","slug":"colageno-hidrolisado-60-capsulas","status":"publish","type":"product","link":"https:\/\/jatoba.ind.br\/?product=colageno-hidrolisado-60-capsulas","title":{"rendered":"Col\u00e1geno Hidrolisado 60 C\u00e1psulas"},"content":{"rendered":"<p>Recomenda\u00e7\u00f5es:<\/p>\n<p>Este produto n\u00e3o \u00e9 um medicamento.<br \/>\nEste produto \u00e9 um suplemento alimentar.<br \/>\nRecomenda\u00e7\u00e3o acima de 18 anos ou por recomenda\u00e7\u00e3o m\u00e9dica.<br \/>\nDeve ser mantido fora do alcance de crian\u00e7as e animais.<\/p>\n","protected":false},"excerpt":{"rendered":"<p>Recomenda\u00e7\u00f5es: Este produto n\u00e3o \u00e9 um medicamento. Este produto \u00e9 um suplemento alimentar. Recomenda\u00e7\u00e3o acima de 18 anos ou por recomenda\u00e7\u00e3o m\u00e9dica. Deve ser mantido fora<span class=\"excerpt-hellip\"> [\u2026]<\/span><\/p>\n","protected":false},"featured_media":422,"comment_status":"open","ping_status":"closed","template":"","meta":[],"product_brand":[],"product_cat":[15],"product_tag":[],"class_list":{"0":"post-431","1":"product","2":"type-product","3":"status-publish","4":"has-post-thumbnail","6":"product_cat-sem-categoria","8":"first","9":"instock","10":"shipping-taxable","11":"product-type-simple"},"_links":{"self":[{"href":"https:\/\/jatoba.ind.br\/index.php?rest_route=\/wp\/v2\/product\/431","targetHints":{"allow":["GET"]}}],"collection":[{"href":"https:\/\/jatoba.ind.br\/index.php?rest_route=\/wp\/v2\/product"}],"about":[{"href":"https:\/\/jatoba.ind.br\/index.php?rest_route=\/wp\/v2\/types\/product"}],"replies":[{"embeddable":true,"href":"https:\/\/jatoba.ind.br\/index.php?rest_route=%2Fwp%2Fv2%2Fcomments&post=431"}],"version-history":[{"count":2,"href":"https:\/\/jatoba.ind.br\/index.php?rest_route=\/wp\/v2\/product\/431\/revisions"}],"predecessor-version":[{"id":461,"href":"https:\/\/jatoba.ind.br\/index.php?rest_route=\/wp\/v2\/product\/431\/revisions\/461"}],"wp:featuredmedia":[{"embeddable":true,"href":"https:\/\/jatoba.ind.br\/index.php?rest_route=\/wp\/v2\/media\/422"}],"wp:attachment":[{"href":"https:\/\/jatoba.ind.br\/index.php?rest_route=%2Fwp%2Fv2%2Fmedia&parent=431"}],"wp:term":[{"taxonomy":"product_brand","embeddable":true,"href":"https:\/\/jatoba.ind.br\/index.php?rest_route=%2Fwp%2Fv2%2Fproduct_brand&post=431"},{"taxonomy":"product_cat","embeddable":true,"href":"https:\/\/jatoba.ind.br\/index.php?rest_route=%2Fwp%2Fv2%2Fproduct_cat&post=431"},{"taxonomy":"product_tag","embeddable":true,"href":"https:\/\/jatoba.ind.br\/index.php?rest_route=%2Fwp%2Fv2%2Fproduct_tag&post=431"}],"curies":[{"name":"wp","href":"https:\/\/api.w.org\/{rel}","templated":true}]}}